{"id":7715,"date":"2021-07-16T09:35:39","date_gmt":"2021-07-16T07:35:39","guid":{"rendered":"https:\/\/www.baumaniere.com\/spa\/general-information\/"},"modified":"2025-09-03T15:31:29","modified_gmt":"2025-09-03T13:31:29","slug":"general-information","status":"publish","type":"page","link":"https:\/\/www.baumaniere.com\/en\/spa\/general-information\/","title":{"rendered":"Practical Info"},"content":{"rendered":"<p>[et_pb_section fb_built=&#8221;1&#8243; admin_label=&#8221;Section&#8221; module_class=&#8221;breadcrumb&#8221; _builder_version=&#8221;4.9.1&#8243; _module_preset=&#8221;default&#8221; custom_padding=&#8221;20px||20px||false|false&#8221; da_disable_devices=&#8221;off|off|off&#8221; global_module=&#8221;7512&#8243; saved_tabs=&#8221;all&#8221; locked=&#8221;off&#8221; collapsed=&#8221;off&#8221; global_colors_info=&#8221;{}&#8221; da_is_popup=&#8221;off&#8221; da_exit_intent=&#8221;off&#8221; da_has_close=&#8221;on&#8221; da_alt_close=&#8221;off&#8221; da_dark_close=&#8221;off&#8221; da_not_modal=&#8221;on&#8221; da_is_singular=&#8221;off&#8221; da_with_loader=&#8221;off&#8221; da_has_shadow=&#8221;on&#8221;][et_pb_row module_class=&#8221; container-classic&#8221; _builder_version=&#8221;4.16&#8243; _module_preset=&#8221;default&#8221; global_colors_info=&#8221;{}&#8221;][et_pb_column type=&#8221;4_4&#8243; _builder_version=&#8221;4.16&#8243; _module_preset=&#8221;default&#8221; global_colors_info=&#8221;{}&#8221;][et_pb_code _builder_version=&#8221;4.16&#8243; _module_preset=&#8221;default&#8221; global_colors_info=&#8221;{}&#8221;]<span><span><a href=\"https:\/\/www.baumaniere.com\/en\/\">Accueil<\/a><\/span><\/span>[\/et_pb_code][\/et_pb_column][\/et_pb_row][\/et_pb_section][et_pb_section fb_built=&#8221;1&#8243; admin_label=&#8221;Section&#8221; module_class=&#8221;pt-title&#8221; _builder_version=&#8221;4.16&#8243; _module_preset=&#8221;default&#8221; da_disable_devices=&#8221;off|off|off&#8221; global_colors_info=&#8221;{}&#8221; da_is_popup=&#8221;off&#8221; da_exit_intent=&#8221;off&#8221; da_has_close=&#8221;on&#8221; da_alt_close=&#8221;off&#8221; da_dark_close=&#8221;off&#8221; da_not_modal=&#8221;on&#8221; da_is_singular=&#8221;off&#8221; da_with_loader=&#8221;off&#8221; da_has_shadow=&#8221;on&#8221;][et_pb_row module_class=&#8221;container-classic&#8221; _builder_version=&#8221;4.16&#8243; _module_preset=&#8221;default&#8221; global_colors_info=&#8221;{}&#8221;][et_pb_column type=&#8221;4_4&#8243; _builder_version=&#8221;4.16&#8243; _module_preset=&#8221;default&#8221; global_colors_info=&#8221;{}&#8221;][et_pb_text _builder_version=&#8221;4.16&#8243; _module_preset=&#8221;default&#8221; global_colors_info=&#8221;{}&#8221;]<\/p>\n<h1>Practical Info <span class=\"sous-titre\">Spa Baumani\u00e8re Les-Baux-de-Provence<\/span><\/h1>\n<p>[\/et_pb_text][et_pb_text _builder_version=&#8221;4.16&#8243; _module_preset=&#8221;default&#8221; custom_margin=&#8221;50px||70px|||&#8221; global_colors_info=&#8221;{}&#8221;]<\/p>\n<p>To allow you to make the most of your personal journey of well-being in Baumaniere Le Spa, we thank you for taking note of these guidelines.<\/p>\n<p>[\/et_pb_text][et_pb_text _builder_version=&#8221;4.16&#8243; _module_preset=&#8221;default&#8221; text_text_color=&#8221;#393939&#8243; text_font_size=&#8221;45px&#8221; header_2_font=&#8221;Cormorant Garamond||||||||&#8221; header_2_font_size=&#8221;45px&#8221; custom_margin=&#8221;||20px||false|false&#8221; global_colors_info=&#8221;{}&#8221;]<\/p>\n<h2>Opening hours<\/h2>\n<p>[\/et_pb_text][et_pb_text _builder_version=&#8221;4.27.4&#8243; _module_preset=&#8221;default&#8221; custom_margin=&#8221;||50px||false|false&#8221; hover_enabled=&#8221;0&#8243; global_colors_info=&#8221;{}&#8221; sticky_enabled=&#8221;0&#8243;]<\/p>\n<p>\u2022 Every day from 10am to 8pm (April to October).<br \/>\u00a0\u2022 Wednesday, Thursday, Friday, Saturday and Sunday from 10am to 7pm (November to March).<br \/>\u2022 10% surcharge for treatments before 10am and after 8pm.<\/p>\n<p>[\/et_pb_text][et_pb_text _builder_version=&#8221;4.16&#8243; _module_preset=&#8221;default&#8221; text_text_color=&#8221;#393939&#8243; text_font_size=&#8221;45px&#8221; header_2_font=&#8221;Cormorant Garamond||||||||&#8221; header_2_font_size=&#8221;45px&#8221; custom_margin=&#8221;||20px||false|false&#8221; global_colors_info=&#8221;{}&#8221;]<\/p>\n<h2>Reservations<\/h2>\n<p>[\/et_pb_text][et_pb_text _builder_version=&#8221;4.16&#8243; _module_preset=&#8221;default&#8221; custom_margin=&#8221;||50px||false|false&#8221; global_colors_info=&#8221;{}&#8221;]<\/p>\n<ul>\n<li>Directly at the Spa reception.<\/li>\n<li>From your room : 536.<\/li>\n<\/ul>\n<p>Booking in advance is recommended to benefit from preferred booking hours.<br \/>For non-hotel guests, credit card number will be asked for to guarantee the booking.<\/p>\n<p>[\/et_pb_text][et_pb_text _builder_version=&#8221;4.16&#8243; _module_preset=&#8221;default&#8221; text_text_color=&#8221;#393939&#8243; text_font_size=&#8221;45px&#8221; header_2_font=&#8221;Cormorant Garamond||||||||&#8221; header_2_font_size=&#8221;45px&#8221; custom_margin=&#8221;||20px||false|false&#8221; global_colors_info=&#8221;{}&#8221;]<\/p>\n<h2>Spa equipments<\/h2>\n<p>[\/et_pb_text][et_pb_text _builder_version=&#8221;4.16&#8243; _module_preset=&#8221;default&#8221; custom_margin=&#8221;||50px||false|false&#8221; global_colors_info=&#8221;{}&#8221;]<\/p>\n<p>Baumaniere Le Spa offers a sensorial-pool, hammam, fitness studio, tea room and relaxing area (in summer a relaxing patio area too).<\/p>\n<p>Mixed areas require a swimsuit.<\/p>\n<ul>\n<li>External guests: 30 \u20ac.<\/li>\n<li>Fee-paying for Baumani\u00e8re les Baux de Provence guests: 20 \u20ac<\/li>\n<li>Free access to facilities for every treatment booked.<\/li>\n<\/ul>\n<p>[\/et_pb_text][et_pb_text _builder_version=&#8221;4.16&#8243; _module_preset=&#8221;default&#8221; text_text_color=&#8221;#393939&#8243; text_font_size=&#8221;45px&#8221; header_2_font=&#8221;Cormorant Garamond||||||||&#8221; header_2_font_size=&#8221;45px&#8221; custom_margin=&#8221;||20px||false|false&#8221; global_colors_info=&#8221;{}&#8221;]<\/p>\n<h2>Gift vouchers<\/h2>\n<p>[\/et_pb_text][et_pb_text _builder_version=&#8221;4.16&#8243; _module_preset=&#8221;default&#8221; global_colors_info=&#8221;{}&#8221;]<\/p>\n<p>Offer your friends and family a unique well-being experience at the Spa. Gift vouchers are personalized and allow your guests to choose from our Spa menu. (Gift Vouchers are non refundable) .<\/p>\n<p>[\/et_pb_text][et_pb_button button_url=&#8221;https:\/\/www.baumaniereboutique.com\/en\/product-category\/boxed-set\/&#8221; url_new_window=&#8221;on&#8221; button_text=&#8221;Discover our gift boxes&#8221; admin_label=&#8221;Bouton Voir nos bons cadeaux&#8221; _builder_version=&#8221;4.14.4&#8243; _dynamic_attributes=&#8221;button_url&#8221; _module_preset=&#8221;default&#8221; global_module=&#8221;3338&#8243; saved_tabs=&#8221;all&#8221; global_colors_info=&#8221;{}&#8221;][\/et_pb_button][et_pb_text _builder_version=&#8221;4.16&#8243; _module_preset=&#8221;default&#8221; text_text_color=&#8221;#393939&#8243; text_font_size=&#8221;45px&#8221; header_2_font=&#8221;Cormorant Garamond||||||||&#8221; header_2_font_size=&#8221;45px&#8221; custom_margin=&#8221;50px||20px||false|false&#8221; global_colors_info=&#8221;{}&#8221;]<\/p>\n<h2>Responsibility<\/h2>\n<p>[\/et_pb_text][et_pb_text _builder_version=&#8221;4.16&#8243; _module_preset=&#8221;default&#8221; global_colors_info=&#8221;{}&#8221;]<\/p>\n<p>The Spa cannot be responsible for any valuables that you may bring with you. We kindly recommend that you keep your valuables locked up.<\/p>\n<p>[\/et_pb_text][et_pb_text _builder_version=&#8221;4.16&#8243; _module_preset=&#8221;default&#8221; text_text_color=&#8221;#393939&#8243; text_font_size=&#8221;45px&#8221; header_2_font=&#8221;Cormorant Garamond||||||||&#8221; header_2_font_size=&#8221;45px&#8221; custom_margin=&#8221;50px||20px||false|false&#8221; global_colors_info=&#8221;{}&#8221;]<\/p>\n<h2>Cancellation policy &amp; refund<\/h2>\n<p>[\/et_pb_text][et_pb_text _builder_version=&#8221;4.16&#8243; _module_preset=&#8221;default&#8221; global_colors_info=&#8221;{}&#8221;]<\/p>\n<p>If you need to change or cancel your appointment please notify us 24h prior to your appointment in order to avoid being charged for the full treatment.<\/p>\n<p>[\/et_pb_text][et_pb_text _builder_version=&#8221;4.16&#8243; _module_preset=&#8221;default&#8221; text_text_color=&#8221;#393939&#8243; text_font_size=&#8221;45px&#8221; header_2_font=&#8221;Cormorant Garamond||||||||&#8221; header_2_font_size=&#8221;45px&#8221; custom_margin=&#8221;50px||20px||false|false&#8221; global_colors_info=&#8221;{}&#8221;]<\/p>\n<h2>Fitness and pregnant women<\/h2>\n<p>[\/et_pb_text][et_pb_text _builder_version=&#8221;4.16&#8243; _module_preset=&#8221;default&#8221; global_colors_info=&#8221;{}&#8221;]<\/p>\n<p>Kindly fill in the information form concerning the use of our equipment.<\/p>\n<p>Baumaniere Le Spa offers a full range of treatments specific to both new and future mothers, feel free to ask for more information and discover a unique experience.<\/p>\n<p>[\/et_pb_text][et_pb_text _builder_version=&#8221;4.16&#8243; _module_preset=&#8221;default&#8221; text_text_color=&#8221;#393939&#8243; text_font_size=&#8221;45px&#8221; header_2_font=&#8221;Cormorant Garamond||||||||&#8221; header_2_font_size=&#8221;45px&#8221; custom_margin=&#8221;50px||20px||false|false&#8221; global_colors_info=&#8221;{}&#8221;]<\/p>\n<h2>Access conditions and minimum age<\/h2>\n<p>[\/et_pb_text][et_pb_text _builder_version=&#8221;4.16&#8243; _module_preset=&#8221;default&#8221; global_colors_info=&#8221;{}&#8221;]<\/p>\n<p>We offer a selection of treatments for our young clients aged 5 to 18.<\/p>\n<p>Under 18 years old, treatments access is under the supervision of a parent.<\/p>\n<p>[\/et_pb_text][\/et_pb_column][\/et_pb_row][\/et_pb_section][et_pb_section fb_built=&#8221;1&#8243; admin_label=&#8221;Section&#8221; module_class=&#8221;stop-sticky&#8221; _builder_version=&#8221;4.16&#8243; _module_preset=&#8221;default&#8221; custom_padding=&#8221;||||false|false&#8221; da_disable_devices=&#8221;off|off|off&#8221; global_colors_info=&#8221;{}&#8221; da_is_popup=&#8221;off&#8221; da_exit_intent=&#8221;off&#8221; da_has_close=&#8221;on&#8221; da_alt_close=&#8221;off&#8221; da_dark_close=&#8221;off&#8221; da_not_modal=&#8221;on&#8221; da_is_singular=&#8221;off&#8221; da_with_loader=&#8221;off&#8221; da_has_shadow=&#8221;on&#8221;][et_pb_row module_class=&#8221;container-classic&#8221; _builder_version=&#8221;4.16&#8243; _module_preset=&#8221;default&#8221; global_colors_info=&#8221;{}&#8221;][et_pb_column type=&#8221;4_4&#8243; _builder_version=&#8221;4.16&#8243; _module_preset=&#8221;default&#8221; global_colors_info=&#8221;{}&#8221;][et_pb_text _builder_version=&#8221;4.16&#8243; _module_preset=&#8221;default&#8221; text_text_color=&#8221;#393939&#8243; text_font_size=&#8221;45px&#8221; header_2_font=&#8221;Cormorant Garamond||||||||&#8221; header_2_font_size=&#8221;45px&#8221; custom_margin=&#8221;||30px||false|false&#8221; global_colors_info=&#8221;{}&#8221;]<\/p>\n<h2>News and offers<\/h2>\n<p>[\/et_pb_text][et_pb_code _builder_version=&#8221;4.16&#8243; _module_preset=&#8221;default&#8221; global_colors_info=&#8221;{}&#8221;]<pee><div class=\"home-blog-slider\">\n            <div class=\"article-item\">\n            <div class=\"post-thumbnail\">\n                <img decoding=\"async\" width=\"1024\" height=\"450\" src=\"https:\/\/www.baumaniere.com\/wp-content\/uploads\/HO\u0302TEL-DE-LUXE-A\u0300-SAINT-RE\u0301MY-DE-PROVENCE-1024x450.jpg\" class=\"attachment-large size-large wp-post-image\" alt=\"\" srcset=\"https:\/\/www.baumaniere.com\/wp-content\/uploads\/HO\u0302TEL-DE-LUXE-A\u0300-SAINT-RE\u0301MY-DE-PROVENCE-1024x450.jpg 1024w, https:\/\/www.baumaniere.com\/wp-content\/uploads\/HO\u0302TEL-DE-LUXE-A\u0300-SAINT-RE\u0301MY-DE-PROVENCE-300x132.jpg 300w, https:\/\/www.baumaniere.com\/wp-content\/uploads\/HO\u0302TEL-DE-LUXE-A\u0300-SAINT-RE\u0301MY-DE-PROVENCE-768x338.jpg 768w, https:\/\/www.baumaniere.com\/wp-content\/uploads\/HO\u0302TEL-DE-LUXE-A\u0300-SAINT-RE\u0301MY-DE-PROVENCE-1536x675.jpg 1536w, https:\/\/www.baumaniere.com\/wp-content\/uploads\/HO\u0302TEL-DE-LUXE-A\u0300-SAINT-RE\u0301MY-DE-PROVENCE-2048x900.jpg 2048w, https:\/\/www.baumaniere.com\/wp-content\/uploads\/HO\u0302TEL-DE-LUXE-A\u0300-SAINT-RE\u0301MY-DE-PROVENCE-1080x475.jpg 1080w, https:\/\/www.baumaniere.com\/wp-content\/uploads\/HO\u0302TEL-DE-LUXE-A\u0300-SAINT-RE\u0301MY-DE-PROVENCE-1280x563.jpg 1280w, https:\/\/www.baumaniere.com\/wp-content\/uploads\/HO\u0302TEL-DE-LUXE-A\u0300-SAINT-RE\u0301MY-DE-PROVENCE-980x431.jpg 980w, https:\/\/www.baumaniere.com\/wp-content\/uploads\/HO\u0302TEL-DE-LUXE-A\u0300-SAINT-RE\u0301MY-DE-PROVENCE-480x211.jpg 480w\" sizes=\"(max-width: 1024px) 100vw, 1024px\" \/>            <\/div>\n            <div class=\"post-content\">\n                <h3>Heart&#8217;s delight package<\/h3>\n                <p><p>[wpseo_breadcrumb]Practical Info Spa Baumani\u00e8re Les-Baux-de-ProvenceTo allow you to make the most of your personal journey of well-being in Baumaniere Le Spa, we thank you for taking note of these guidelines.Opening hours\u2022 Every day from 10am to 8pm (April to October).\u00a0\u2022 Wednesday, Thursday, Friday, Saturday and Sunday from 10am to 7pm (November to March).\u2022 10% surcharge [&hellip;]<\/p><br \/>\n<\/p>\n            <\/div>\n            <div class=\"read-more-link\">\n                <a class=\"read-more\" href=\"https:\/\/www.baumaniere.com\/en\/offers\/offers-hotel\/hearts-delight-package\/\"><span>Read more<\/span><\/a>\n            <\/div>\n        <\/div>\n    <\/div><\/pee>[\/et_pb_code][\/et_pb_column][\/et_pb_row][\/et_pb_section][et_pb_section fb_built=&#8221;1&#8243; admin_label=&#8221;Section&#8221; _builder_version=&#8221;4.16&#8243; _module_preset=&#8221;default&#8221; da_disable_devices=&#8221;off|off|off&#8221; global_colors_info=&#8221;{}&#8221; da_is_popup=&#8221;off&#8221; da_exit_intent=&#8221;off&#8221; da_has_close=&#8221;on&#8221; da_alt_close=&#8221;off&#8221; da_dark_close=&#8221;off&#8221; da_not_modal=&#8221;on&#8221; da_is_singular=&#8221;off&#8221; da_with_loader=&#8221;off&#8221; da_has_shadow=&#8221;on&#8221;][et_pb_row module_class=&#8221;container-classic&#8221; _builder_version=&#8221;4.16&#8243; _module_preset=&#8221;default&#8221; global_colors_info=&#8221;{}&#8221;][et_pb_column type=&#8221;4_4&#8243; _builder_version=&#8221;4.16&#8243; _module_preset=&#8221;default&#8221; global_colors_info=&#8221;{}&#8221;][et_pb_text _builder_version=&#8221;4.16&#8243; _module_preset=&#8221;default&#8221; text_text_color=&#8221;#393939&#8243; text_font_size=&#8221;45px&#8221; header_2_font=&#8221;Cormorant Garamond||||||||&#8221; header_2_font_size=&#8221;45px&#8221; custom_margin=&#8221;||30px||false|false&#8221; global_colors_info=&#8221;{}&#8221;]<\/p>\n<h2>More information<\/h2>\n<p>[\/et_pb_text][et_pb_blog posts_number=&#8221;30&#8243; include_categories=&#8221;30&#8243; _builder_version=&#8221;4.16&#8243; _module_preset=&#8221;default&#8221; global_colors_info=&#8221;{}&#8221;][\/et_pb_blog][\/et_pb_column][\/et_pb_row][\/et_pb_section]<\/p>\n","protected":false},"excerpt":{"rendered":"<p><span><span><a href=\"https:\/\/www.baumaniere.com\/en\/\">Accueil<\/a><\/span><\/span>Practical Info Spa Baumani\u00e8re Les-Baux-de-ProvenceTo allow you to make the most of your personal journey of well-being in Baumaniere Le Spa, we thank you for taking note of these guidelines.Opening hours\u2022 Every day from 10am to 8pm (April to October).\u00a0\u2022 Wednesday, Thursday, Friday, Saturday and Sunday from 10am to 7pm (November to March).\u2022 10% surcharge [&hellip;]<\/p>\n","protected":false},"author":3,"featured_media":0,"parent":7712,"menu_order":0,"comment_status":"closed","ping_status":"closed","template":"","meta":{"_acf_changed":false,"_et_pb_use_builder":"on","_et_pb_old_content":"","_et_gb_content_width":"","footnotes":""},"class_list":["post-7715","page","type-page","status-publish","hentry"],"acf":[],"yoast_head":"<!-- This site is optimized with the Yoast SEO plugin v27.3 - https:\/\/yoast.com\/product\/yoast-seo-wordpress\/ -->\n<title>Spa Baumani\u00e8re Provence: general information - Spa Baumani\u00e8re<\/title>\n<meta name=\"description\" content=\"Discover the general information of Spa Baumani\u00e8re and enjoy exceptional services dedicated to your well-being and relaxation in the heart of Provence\" \/>\n<meta name=\"robots\" content=\"index, follow, max-snippet:-1, max-image-preview:large, max-video-preview:-1\" \/>\n<link rel=\"canonical\" href=\"https:\/\/www.baumaniere.com\/en\/spa\/general-information\/\" \/>\n<meta property=\"og:locale\" content=\"en_US\" \/>\n<meta property=\"og:type\" content=\"article\" \/>\n<meta property=\"og:title\" content=\"Spa Baumani\u00e8re Provence: general information - Spa Baumani\u00e8re\" \/>\n<meta property=\"og:description\" content=\"Discover the general information of Spa Baumani\u00e8re and enjoy exceptional services dedicated to your well-being and relaxation in the heart of Provence\" \/>\n<meta property=\"og:url\" content=\"https:\/\/www.baumaniere.com\/en\/spa\/general-information\/\" \/>\n<meta property=\"og:site_name\" content=\"Baumani\u00e8re\" \/>\n<meta property=\"article:modified_time\" content=\"2025-09-03T13:31:29+00:00\" \/>\n<meta property=\"og:image\" content=\"https:\/\/www.baumaniere.com\/wp-content\/uploads\/logo_opengraph.jpg\" \/>\n\t<meta property=\"og:image:width\" content=\"1920\" \/>\n\t<meta property=\"og:image:height\" content=\"905\" \/>\n\t<meta property=\"og:image:type\" content=\"image\/jpeg\" \/>\n<meta name=\"twitter:card\" content=\"summary_large_image\" \/>\n<meta name=\"twitter:label1\" content=\"Est. reading time\" \/>\n\t<meta name=\"twitter:data1\" content=\"7 minutes\" \/>\n<script type=\"application\/ld+json\" class=\"yoast-schema-graph\">{\"@context\":\"https:\\\/\\\/schema.org\",\"@graph\":[{\"@type\":\"WebPage\",\"@id\":\"https:\\\/\\\/www.baumaniere.com\\\/en\\\/spa\\\/general-information\\\/\",\"url\":\"https:\\\/\\\/www.baumaniere.com\\\/en\\\/spa\\\/general-information\\\/\",\"name\":\"Spa Baumani\u00e8re Provence: general information - Spa Baumani\u00e8re\",\"isPartOf\":{\"@id\":\"https:\\\/\\\/www.baumaniere.com\\\/en\\\/#website\"},\"datePublished\":\"2021-07-16T07:35:39+00:00\",\"dateModified\":\"2025-09-03T13:31:29+00:00\",\"description\":\"Discover the general information of Spa Baumani\u00e8re and enjoy exceptional services dedicated to your well-being and relaxation in the heart of Provence\",\"breadcrumb\":{\"@id\":\"https:\\\/\\\/www.baumaniere.com\\\/en\\\/spa\\\/general-information\\\/#breadcrumb\"},\"inLanguage\":\"en-US\",\"potentialAction\":[{\"@type\":\"ReadAction\",\"target\":[\"https:\\\/\\\/www.baumaniere.com\\\/en\\\/spa\\\/general-information\\\/\"]}]},{\"@type\":\"BreadcrumbList\",\"@id\":\"https:\\\/\\\/www.baumaniere.com\\\/en\\\/spa\\\/general-information\\\/#breadcrumb\",\"itemListElement\":[{\"@type\":\"ListItem\",\"position\":1,\"name\":\"Accueil\",\"item\":\"https:\\\/\\\/www.baumaniere.com\\\/en\\\/\"},{\"@type\":\"ListItem\",\"position\":2,\"name\":\"Spa\",\"item\":\"https:\\\/\\\/www.baumaniere.com\\\/en\\\/spa\\\/\"},{\"@type\":\"ListItem\",\"position\":3,\"name\":\"Practical Info\"}]},{\"@type\":\"WebSite\",\"@id\":\"https:\\\/\\\/www.baumaniere.com\\\/en\\\/#website\",\"url\":\"https:\\\/\\\/www.baumaniere.com\\\/en\\\/\",\"name\":\"Baumani\u00e8re\",\"description\":\"Les Baux de Provence\",\"publisher\":{\"@id\":\"https:\\\/\\\/www.baumaniere.com\\\/en\\\/#organization\"},\"potentialAction\":[{\"@type\":\"SearchAction\",\"target\":{\"@type\":\"EntryPoint\",\"urlTemplate\":\"https:\\\/\\\/www.baumaniere.com\\\/en\\\/?s={search_term_string}\"},\"query-input\":{\"@type\":\"PropertyValueSpecification\",\"valueRequired\":true,\"valueName\":\"search_term_string\"}}],\"inLanguage\":\"en-US\"},{\"@type\":\"Organization\",\"@id\":\"https:\\\/\\\/www.baumaniere.com\\\/en\\\/#organization\",\"name\":\"Baumani\u00e8re\",\"url\":\"https:\\\/\\\/www.baumaniere.com\\\/en\\\/\",\"logo\":{\"@type\":\"ImageObject\",\"inLanguage\":\"en-US\",\"@id\":\"https:\\\/\\\/www.baumaniere.com\\\/en\\\/#\\\/schema\\\/logo\\\/image\\\/\",\"url\":\"https:\\\/\\\/www.baumaniere.com\\\/wp-content\\\/uploads\\\/logo_opengraph.jpg\",\"contentUrl\":\"https:\\\/\\\/www.baumaniere.com\\\/wp-content\\\/uploads\\\/logo_opengraph.jpg\",\"width\":1920,\"height\":905,\"caption\":\"Baumani\u00e8re\"},\"image\":{\"@id\":\"https:\\\/\\\/www.baumaniere.com\\\/en\\\/#\\\/schema\\\/logo\\\/image\\\/\"}}]}<\/script>\n<!-- \/ Yoast SEO plugin. -->","yoast_head_json":{"title":"Spa Baumani\u00e8re Provence: general information - Spa Baumani\u00e8re","description":"Discover the general information of Spa Baumani\u00e8re and enjoy exceptional services dedicated to your well-being and relaxation in the heart of Provence","robots":{"index":"index","follow":"follow","max-snippet":"max-snippet:-1","max-image-preview":"max-image-preview:large","max-video-preview":"max-video-preview:-1"},"canonical":"https:\/\/www.baumaniere.com\/en\/spa\/general-information\/","og_locale":"en_US","og_type":"article","og_title":"Spa Baumani\u00e8re Provence: general information - Spa Baumani\u00e8re","og_description":"Discover the general information of Spa Baumani\u00e8re and enjoy exceptional services dedicated to your well-being and relaxation in the heart of Provence","og_url":"https:\/\/www.baumaniere.com\/en\/spa\/general-information\/","og_site_name":"Baumani\u00e8re","article_modified_time":"2025-09-03T13:31:29+00:00","og_image":[{"width":1920,"height":905,"url":"https:\/\/www.baumaniere.com\/wp-content\/uploads\/logo_opengraph.jpg","type":"image\/jpeg"}],"twitter_card":"summary_large_image","twitter_misc":{"Est. reading time":"7 minutes"},"schema":{"@context":"https:\/\/schema.org","@graph":[{"@type":"WebPage","@id":"https:\/\/www.baumaniere.com\/en\/spa\/general-information\/","url":"https:\/\/www.baumaniere.com\/en\/spa\/general-information\/","name":"Spa Baumani\u00e8re Provence: general information - Spa Baumani\u00e8re","isPartOf":{"@id":"https:\/\/www.baumaniere.com\/en\/#website"},"datePublished":"2021-07-16T07:35:39+00:00","dateModified":"2025-09-03T13:31:29+00:00","description":"Discover the general information of Spa Baumani\u00e8re and enjoy exceptional services dedicated to your well-being and relaxation in the heart of Provence","breadcrumb":{"@id":"https:\/\/www.baumaniere.com\/en\/spa\/general-information\/#breadcrumb"},"inLanguage":"en-US","potentialAction":[{"@type":"ReadAction","target":["https:\/\/www.baumaniere.com\/en\/spa\/general-information\/"]}]},{"@type":"BreadcrumbList","@id":"https:\/\/www.baumaniere.com\/en\/spa\/general-information\/#breadcrumb","itemListElement":[{"@type":"ListItem","position":1,"name":"Accueil","item":"https:\/\/www.baumaniere.com\/en\/"},{"@type":"ListItem","position":2,"name":"Spa","item":"https:\/\/www.baumaniere.com\/en\/spa\/"},{"@type":"ListItem","position":3,"name":"Practical Info"}]},{"@type":"WebSite","@id":"https:\/\/www.baumaniere.com\/en\/#website","url":"https:\/\/www.baumaniere.com\/en\/","name":"Baumani\u00e8re","description":"Les Baux de Provence","publisher":{"@id":"https:\/\/www.baumaniere.com\/en\/#organization"},"potentialAction":[{"@type":"SearchAction","target":{"@type":"EntryPoint","urlTemplate":"https:\/\/www.baumaniere.com\/en\/?s={search_term_string}"},"query-input":{"@type":"PropertyValueSpecification","valueRequired":true,"valueName":"search_term_string"}}],"inLanguage":"en-US"},{"@type":"Organization","@id":"https:\/\/www.baumaniere.com\/en\/#organization","name":"Baumani\u00e8re","url":"https:\/\/www.baumaniere.com\/en\/","logo":{"@type":"ImageObject","inLanguage":"en-US","@id":"https:\/\/www.baumaniere.com\/en\/#\/schema\/logo\/image\/","url":"https:\/\/www.baumaniere.com\/wp-content\/uploads\/logo_opengraph.jpg","contentUrl":"https:\/\/www.baumaniere.com\/wp-content\/uploads\/logo_opengraph.jpg","width":1920,"height":905,"caption":"Baumani\u00e8re"},"image":{"@id":"https:\/\/www.baumaniere.com\/en\/#\/schema\/logo\/image\/"}}]}},"_links":{"self":[{"href":"https:\/\/www.baumaniere.com\/en\/wp-json\/wp\/v2\/pages\/7715","targetHints":{"allow":["GET"]}}],"collection":[{"href":"https:\/\/www.baumaniere.com\/en\/wp-json\/wp\/v2\/pages"}],"about":[{"href":"https:\/\/www.baumaniere.com\/en\/wp-json\/wp\/v2\/types\/page"}],"author":[{"embeddable":true,"href":"https:\/\/www.baumaniere.com\/en\/wp-json\/wp\/v2\/users\/3"}],"replies":[{"embeddable":true,"href":"https:\/\/www.baumaniere.com\/en\/wp-json\/wp\/v2\/comments?post=7715"}],"version-history":[{"count":27,"href":"https:\/\/www.baumaniere.com\/en\/wp-json\/wp\/v2\/pages\/7715\/revisions"}],"predecessor-version":[{"id":29181,"href":"https:\/\/www.baumaniere.com\/en\/wp-json\/wp\/v2\/pages\/7715\/revisions\/29181"}],"up":[{"embeddable":true,"href":"https:\/\/www.baumaniere.com\/en\/wp-json\/wp\/v2\/pages\/7712"}],"wp:attachment":[{"href":"https:\/\/www.baumaniere.com\/en\/wp-json\/wp\/v2\/media?parent=7715"}],"curies":[{"name":"wp","href":"https:\/\/api.w.org\/{rel}","templated":true}]}}